{"id":607,"date":"2021-04-22T14:44:08","date_gmt":"2021-04-22T14:44:08","guid":{"rendered":"http:\/\/nuitblanche.be\/WordPress3\/?post_type=product&#038;p=607"},"modified":"2021-04-22T14:44:09","modified_gmt":"2021-04-22T14:44:09","slug":"ledcon-02-mk2","status":"publish","type":"product","link":"https:\/\/nuitblanche.be\/?product=ledcon-02-mk2","title":{"rendered":"LEDCON-02 Mk2"},"content":{"rendered":"<ul>\n<li>Le LEDCON-02 MK2 est une commande \u00e0 distance pour projecteurs \u00e0 LED, dot\u00e9e d&rsquo;une tr\u00e8s grande flexibilit\u00e9.<\/li>\n<li>poss\u00e8de un modulateur de lumi\u00e8re int\u00e9gr\u00e9 (commutable en 4 ou en 8 canaux) pour les projecteurs \u00e0 LED: on est alors en mesure de contr\u00f4ler les projecteurs \u00e0 LED exactement de la m\u00eame mani\u00e8re qu&rsquo;on le faisait pour les anciens mod\u00e8les de type PAR \u00e0 ampoules halog\u00e8nes via un modulateur de lumi\u00e8re traditionnel. Mais on peut encore faire beaucoup plus que cela &#8230;<\/li>\n<li>Commande \u00e0 distance pour:\n<ul>\n<li>La s\u00e9rie des LED MANAGER<\/li>\n<li>Les Projecteurs \u00e0 LED de JB Systems<\/li>\n<li>Tous les autres projecteurs qui ont un mode DMX compatible\u2026<\/li>\n<\/ul>\n<\/li>\n<li>La LEDCON-02 MK2 poss\u00e8de diff\u00e9rents modes de fonctionnement :\n<ul>\n<li>Modulateur de lumi\u00e8re \u00e0 4 ou 8 canaux avec des effets int\u00e9gr\u00e9s de chenillard contr\u00f4l\u00e9s par la musique.<\/li>\n<li>Fixed colors mode: acc\u00e8s imm\u00e9diat aux 9 couleurs pr\u00e9programm\u00e9es avec temps de transition r\u00e9glable<\/li>\n<li>Static chase mode\u00a0: 12 d\u00e9filements de couleurs diff\u00e9rents avec contr\u00f4le manuel de la vitesse<\/li>\n<li>Sound chase mode\u00a0: 12 d\u00e9filements de couleurs diff\u00e9rents avec d\u00e9clenchement via le signal audio<\/li>\n<li>Spectrum mix\u00a0: 32 couleurs diff\u00e9rentes de type &lsquo;spectrum mix&rsquo; cr\u00e9ant de tr\u00e8s belles transitions<\/li>\n<\/ul>\n<\/li>\n<li>Vitesse et d\u00e9clenchement par le signal audio r\u00e9glables via curseurs<\/li>\n<li>Fonction d&rsquo;adressage DMX totalement automatique pour piloter jusqu&rsquo;\u00e0 120 projecteurs \u00e0 LED<\/li>\n<li>Fonctions \u2018black out\u2019 et \u2018full on\u2019<\/li>\n<\/ul>\n","protected":false},"excerpt":{"rendered":"<p>Le LEDCON-02 MK2 est une commande \u00e0 distance pour projecteurs \u00e0 LED, dot\u00e9e d&rsquo;une tr\u00e8s grande flexibilit\u00e9. poss\u00e8de un modulateur de lumi\u00e8re int\u00e9gr\u00e9 (commutable en 4 ou en 8 canaux) pour les projecteurs \u00e0 LED: on est alors en mesure de contr\u00f4ler les projecteurs \u00e0 LED exactement de la m\u00eame [&hellip;]<\/p>\n","protected":false},"featured_media":608,"template":"","meta":{"om_disable_all_campaigns":false,"_monsterinsights_skip_tracking":false,"_monsterinsights_sitenote_active":false,"_monsterinsights_sitenote_note":"","_monsterinsights_sitenote_category":0},"product_cat":[37,22],"product_tag":[],"class_list":{"0":"post-607","1":"product","2":"type-product","3":"status-publish","4":"has-post-thumbnail","6":"product_cat-location","7":"product_cat-lumiere","9":"first","10":"instock","11":"taxable","12":"shipping-taxable","13":"product-type-simple"},"aioseo_notices":[],"jetpack_sharing_enabled":true,"_links":{"self":[{"href":"https:\/\/nuitblanche.be\/index.php?rest_route=\/wp\/v2\/product\/607","targetHints":{"allow":["GET"]}}],"collection":[{"href":"https:\/\/nuitblanche.be\/index.php?rest_route=\/wp\/v2\/product"}],"about":[{"href":"https:\/\/nuitblanche.be\/index.php?rest_route=\/wp\/v2\/types\/product"}],"wp:featuredmedia":[{"embeddable":true,"href":"https:\/\/nuitblanche.be\/index.php?rest_route=\/wp\/v2\/media\/608"}],"wp:attachment":[{"href":"https:\/\/nuitblanche.be\/index.php?rest_route=%2Fwp%2Fv2%2Fmedia&parent=607"}],"wp:term":[{"taxonomy":"product_cat","embeddable":true,"href":"https:\/\/nuitblanche.be\/index.php?rest_route=%2Fwp%2Fv2%2Fproduct_cat&post=607"},{"taxonomy":"product_tag","embeddable":true,"href":"https:\/\/nuitblanche.be\/index.php?rest_route=%2Fwp%2Fv2%2Fproduct_tag&post=607"}],"curies":[{"name":"wp","href":"https:\/\/api.w.org\/{rel}","templated":true}]}}