{"id":601,"date":"2021-04-22T14:25:39","date_gmt":"2021-04-22T14:25:39","guid":{"rendered":"http:\/\/nuitblanche.be\/WordPress3\/?post_type=product&#038;p=601"},"modified":"2021-04-24T14:09:48","modified_gmt":"2021-04-24T14:09:48","slug":"cob-plano","status":"publish","type":"product","link":"https:\/\/nuitblanche.be\/?product=cob-plano","title":{"rendered":"Cob plano"},"content":{"rendered":"<ul>\n<li>Projecteur lumineux COB \u00e9quip\u00e9 d&rsquo;une LED COB 36W qui garantit un assortiment de couleur parfait et semblable \u00e0 une ampoule traditionnelle\u00a0!<\/li>\n<li>Deux angles de projection diff\u00e9rents\u00a0: Angle large de 100\u00b0 ou de 15\u00b0 seulement lors de l&rsquo;utilisation de la lentille incluse.<\/li>\n<li>T\u00e9l\u00e9commande infrarouge incluse\u00a0: aucun contr\u00f4leur complexe n\u00e9cessaire, parfait pour les DJ\u00a0!<\/li>\n<li>Diff\u00e9rents modes de fonctionnement\u00a0:\n<ul>\n<li><strong>Autonome avec la t\u00e9l\u00e9commande infrarouge\u00a0:<\/strong><span>\u00a0<\/span>motifs de couleurs synchronis\u00e9es automatiques ou selon le rythme.<\/li>\n<li><strong>Mode ma\u00eetre\/esclave\u00a0:<\/strong><span>\u00a0<\/span>plusieurs projecteurs peuvent \u00eatre connect\u00e9s les uns aux autres pour obtenir de merveilleux spectacles de lumi\u00e8re synchronis\u00e9e avec la musique et pr\u00e9programm\u00e9e.<\/li>\n<li><strong>Command\u00e9s par DMX\u00a0:<\/strong>diff\u00e9rents modes de canaux avec s\u00e9lection de programme et commande RVB individuelle.<\/li>\n<li>Utilisable avec le contr\u00f4leur simple<strong><span>\u00a0<\/span>LEDCON-02 Mk2\u00a0<\/strong>!<\/li>\n<\/ul>\n<\/li>\n<li>Fonctions de gradation 0-100% et stroboscope ultrarapide (pas besoin de stroboscopes suppl\u00e9mentaires\u00a0!)<\/li>\n<\/ul>\n","protected":false},"excerpt":{"rendered":"<p>Projecteur lumineux COB \u00e9quip\u00e9 d&rsquo;une LED COB 36W qui garantit un assortiment de couleur parfait et semblable \u00e0 une ampoule traditionnelle\u00a0! Deux angles de projection diff\u00e9rents\u00a0: Angle large de 100\u00b0 ou de 15\u00b0 seulement lors de l&rsquo;utilisation de la lentille incluse. T\u00e9l\u00e9commande infrarouge incluse\u00a0: aucun contr\u00f4leur complexe n\u00e9cessaire, parfait pour [&hellip;]<\/p>\n","protected":false},"featured_media":605,"template":"","meta":{"om_disable_all_campaigns":false,"_monsterinsights_skip_tracking":false,"_monsterinsights_sitenote_active":false,"_monsterinsights_sitenote_note":"","_monsterinsights_sitenote_category":0},"product_cat":[37,22,46],"product_tag":[],"class_list":{"0":"post-601","1":"product","2":"type-product","3":"status-publish","4":"has-post-thumbnail","6":"product_cat-location","7":"product_cat-lumiere","8":"product_cat-projecteur","10":"first","11":"instock","12":"taxable","13":"shipping-taxable","14":"purchasable","15":"product-type-simple"},"aioseo_notices":[],"jetpack_sharing_enabled":true,"_links":{"self":[{"href":"https:\/\/nuitblanche.be\/index.php?rest_route=\/wp\/v2\/product\/601","targetHints":{"allow":["GET"]}}],"collection":[{"href":"https:\/\/nuitblanche.be\/index.php?rest_route=\/wp\/v2\/product"}],"about":[{"href":"https:\/\/nuitblanche.be\/index.php?rest_route=\/wp\/v2\/types\/product"}],"wp:featuredmedia":[{"embeddable":true,"href":"https:\/\/nuitblanche.be\/index.php?rest_route=\/wp\/v2\/media\/605"}],"wp:attachment":[{"href":"https:\/\/nuitblanche.be\/index.php?rest_route=%2Fwp%2Fv2%2Fmedia&parent=601"}],"wp:term":[{"taxonomy":"product_cat","embeddable":true,"href":"https:\/\/nuitblanche.be\/index.php?rest_route=%2Fwp%2Fv2%2Fproduct_cat&post=601"},{"taxonomy":"product_tag","embeddable":true,"href":"https:\/\/nuitblanche.be\/index.php?rest_route=%2Fwp%2Fv2%2Fproduct_tag&post=601"}],"curies":[{"name":"wp","href":"https:\/\/api.w.org\/{rel}","templated":true}]}}