{"id":1273,"date":"2021-05-06T20:12:04","date_gmt":"2021-05-06T20:12:04","guid":{"rendered":"http:\/\/nuitblanche.be\/WordPress3\/?post_type=product&#038;p=1273"},"modified":"2021-05-06T20:12:30","modified_gmt":"2021-05-06T20:12:30","slug":"geni-nimbusii","status":"publish","type":"product","link":"https:\/\/nuitblanche.be\/?product=geni-nimbusii","title":{"rendered":"Geni NimbusII"},"content":{"rendered":"<ul>\n<li>Lot de 4 scanner Nimbus II de Geni<\/li>\n<li>lampe 24V\/250W<\/li>\n<li>4 canaux dmx (color, gobo, pan, tilt).<\/li>\n<li>2 flight<\/li>\n<li>1 r\u00e9gie d\u00e9di\u00e9e<\/li>\n<\/ul>\n<p>N h\u00e9sitez pas a faire une offre<\/p>\n","protected":false},"excerpt":{"rendered":"<p>Lot de 4 scanner<\/p>\n","protected":false},"featured_media":566,"template":"","meta":{"om_disable_all_campaigns":false,"_monsterinsights_skip_tracking":false,"_monsterinsights_sitenote_active":false,"_monsterinsights_sitenote_note":"","_monsterinsights_sitenote_category":0},"product_cat":[45],"product_tag":[],"class_list":{"0":"post-1273","1":"product","2":"type-product","3":"status-publish","4":"has-post-thumbnail","6":"product_cat-2eme-main","8":"first","9":"instock","10":"taxable","11":"shipping-taxable","12":"purchasable","13":"product-type-simple"},"aioseo_notices":[],"jetpack_sharing_enabled":true,"_links":{"self":[{"href":"https:\/\/nuitblanche.be\/index.php?rest_route=\/wp\/v2\/product\/1273","targetHints":{"allow":["GET"]}}],"collection":[{"href":"https:\/\/nuitblanche.be\/index.php?rest_route=\/wp\/v2\/product"}],"about":[{"href":"https:\/\/nuitblanche.be\/index.php?rest_route=\/wp\/v2\/types\/product"}],"wp:featuredmedia":[{"embeddable":true,"href":"https:\/\/nuitblanche.be\/index.php?rest_route=\/wp\/v2\/media\/566"}],"wp:attachment":[{"href":"https:\/\/nuitblanche.be\/index.php?rest_route=%2Fwp%2Fv2%2Fmedia&parent=1273"}],"wp:term":[{"taxonomy":"product_cat","embeddable":true,"href":"https:\/\/nuitblanche.be\/index.php?rest_route=%2Fwp%2Fv2%2Fproduct_cat&post=1273"},{"taxonomy":"product_tag","embeddable":true,"href":"https:\/\/nuitblanche.be\/index.php?rest_route=%2Fwp%2Fv2%2Fproduct_tag&post=1273"}],"curies":[{"name":"wp","href":"https:\/\/api.w.org\/{rel}","templated":true}]}}