{"id":1255,"date":"2021-05-06T17:31:37","date_gmt":"2021-05-06T17:31:37","guid":{"rendered":"http:\/\/nuitblanche.be\/WordPress3\/?post_type=product&#038;p=1255"},"modified":"2021-05-06T17:36:55","modified_gmt":"2021-05-06T17:36:55","slug":"1255","status":"publish","type":"product","link":"https:\/\/nuitblanche.be\/?product=1255","title":{"rendered":"Calypso"},"content":{"rendered":"<table width=\"803\" border=\"0\" cellspacing=\"0\" cellpadding=\"0\" height=\"690\">\n<tbody>\n<tr>\n<td valign=\"top\" width=\"100%\">\n<div>Puissant Flower de 156 LEDs<\/div>\n<div class=\"ProductDescription\">\n<p>Le Calypso est un nouveau Moonflower \u00e0 LED, innovant et multicolore. Equip\u00e9 de 156 LED de puissance (48 rouges, 36 vertes, 36 bleues et 36 blanches), il offre des couleurs extr\u00eamement brillantes et des effets nettement plus dynamique\u00a0compar\u00e9 aux effets fonctionnant avec des lampes halog\u00e8nes.<\/p>\n<p><strong><u>Sp\u00e9cifications<\/u>:<\/strong><\/p>\n<ul>\n<li>Alimentation: 230V~AC<\/li>\n<li>Consommation: 18W<\/li>\n<li>Angle de dispersion: 41\u00b0<\/li>\n<li>Fonction gradateur: 0 \u00e0 100 %<\/li>\n<li>Fonction stroboscope ultrarapide<\/li>\n<li>Contr\u00f4le\u00a0DMX: 4 canaux<\/li>\n<li>Mode autonome:\u00a0via micro interne<\/li>\n<li>Mode ma\u00eetre\/esclave:\u00a0pour des\u00a0shows synchronis\u00e9s<\/li>\n<li>Menu digital \u00e0 4\u00a0digits<\/li>\n<li>Lentilles de grandes dimensions<\/li>\n<li>T\u00e9l\u00e9commande\u00a0<a title=\"Commande CA-8\" href=\"https:\/\/www.fullwave.be\/viewProduct.php?id=881\">CA-8<\/a>\u00a0en option<\/li>\n<li>Lampe: 156 LEDs (R:48\u00a0V:36\u00a0B:36\u00a0Bl:36)<\/li>\n<li>Dimensions (LxHxP): 250 x 250 x 280 mm<\/li>\n<li>Poids net: 4,2kg<\/li>\n<\/ul>\n<p><iframe loading=\"lazy\" title=\"Calypso  JBSYSTEMS   Order - 4135.\" width=\"750\" height=\"563\" src=\"https:\/\/www.youtube.com\/embed\/4MtEVxXKZUI?feature=oembed\" frameborder=\"0\" allow=\"accelerometer; autoplay; clipboard-write; encrypted-media; gyroscope; picture-in-picture\" allowfullscreen><\/iframe><\/p>\n<\/div>\n<\/td>\n<\/tr>\n<\/tbody>\n<\/table>\n","protected":false},"excerpt":{"rendered":"<p>Puissant Flower de 156 LEDs<\/p>\n","protected":false},"featured_media":1256,"template":"","meta":{"om_disable_all_campaigns":false,"_monsterinsights_skip_tracking":false,"_monsterinsights_sitenote_active":false,"_monsterinsights_sitenote_note":"","_monsterinsights_sitenote_category":0},"product_cat":[37,22,35],"product_tag":[],"class_list":{"0":"post-1255","1":"product","2":"type-product","3":"status-publish","4":"has-post-thumbnail","6":"product_cat-location","7":"product_cat-lumiere","8":"product_cat-effet-lumineux","10":"first","11":"instock","12":"taxable","13":"shipping-taxable","14":"purchasable","15":"product-type-simple"},"aioseo_notices":[],"jetpack_sharing_enabled":true,"_links":{"self":[{"href":"https:\/\/nuitblanche.be\/index.php?rest_route=\/wp\/v2\/product\/1255","targetHints":{"allow":["GET"]}}],"collection":[{"href":"https:\/\/nuitblanche.be\/index.php?rest_route=\/wp\/v2\/product"}],"about":[{"href":"https:\/\/nuitblanche.be\/index.php?rest_route=\/wp\/v2\/types\/product"}],"wp:featuredmedia":[{"embeddable":true,"href":"https:\/\/nuitblanche.be\/index.php?rest_route=\/wp\/v2\/media\/1256"}],"wp:attachment":[{"href":"https:\/\/nuitblanche.be\/index.php?rest_route=%2Fwp%2Fv2%2Fmedia&parent=1255"}],"wp:term":[{"taxonomy":"product_cat","embeddable":true,"href":"https:\/\/nuitblanche.be\/index.php?rest_route=%2Fwp%2Fv2%2Fproduct_cat&post=1255"},{"taxonomy":"product_tag","embeddable":true,"href":"https:\/\/nuitblanche.be\/index.php?rest_route=%2Fwp%2Fv2%2Fproduct_tag&post=1255"}],"curies":[{"name":"wp","href":"https:\/\/api.w.org\/{rel}","templated":true}]}}