{"id":1248,"date":"2021-05-06T17:05:07","date_gmt":"2021-05-06T17:05:07","guid":{"rendered":"http:\/\/nuitblanche.be\/WordPress3\/?post_type=product&#038;p=1248"},"modified":"2021-05-07T13:52:22","modified_gmt":"2021-05-07T13:52:22","slug":"inferno","status":"publish","type":"product","link":"https:\/\/nuitblanche.be\/?product=inferno","title":{"rendered":"Inferno"},"content":{"rendered":"<p><span>Caractristiques <\/span><\/p>\n<ul>\n<li style=\"list-style-type: none;\">\n<ul>\n<li><span>Effet Flamme<\/span><\/li>\n<li><span>Pour d\u00e9corer, coloriser ou animer votre salle<\/span><\/li>\n<li><span>Equip\u00e9 d&rsquo;un Gobo Fixe<\/span><\/li>\n<li><span>Equip\u00e9 d&rsquo;un Gobo Rotatif<\/span><\/li>\n<li><span>3 Filtres Dichro\u00efques (bleu, orange, rouge)<\/span><\/li>\n<li><span>Vitesse R\u00e9glable<\/span><\/li>\n<li><span>Ventilation Force <\/span><\/li>\n<li><span>Lampe ELC 24v\/250w\u00a0<\/span><\/li>\n<\/ul>\n<\/li>\n<\/ul>\n<p><iframe loading=\"lazy\" title=\"Inferno  JBSYSTEMS  Order - 4504\" width=\"750\" height=\"563\" src=\"https:\/\/www.youtube.com\/embed\/jTDs9efWmHE?feature=oembed\" frameborder=\"0\" allow=\"accelerometer; autoplay; clipboard-write; encrypted-media; gyroscope; picture-in-picture\" allowfullscreen><\/iframe><\/p>\n<p>&nbsp;<\/p>\n","protected":false},"excerpt":{"rendered":"<p>Caractristiques Effet Flamme Pour d\u00e9corer, coloriser ou animer votre salle Equip\u00e9 d&rsquo;un Gobo Fixe Equip\u00e9 d&rsquo;un Gobo Rotatif 3 Filtres Dichro\u00efques (bleu, orange, rouge) Vitesse R\u00e9glable Ventilation Force Lampe ELC 24v\/250w\u00a0 &nbsp;<\/p>\n","protected":false},"featured_media":1250,"template":"","meta":{"om_disable_all_campaigns":false,"_monsterinsights_skip_tracking":false,"_monsterinsights_sitenote_active":false,"_monsterinsights_sitenote_note":"","_monsterinsights_sitenote_category":0},"product_cat":[61,38,37,22,28],"product_tag":[],"class_list":{"0":"post-1248","1":"product","2":"type-product","3":"status-publish","4":"has-post-thumbnail","6":"product_cat-eclairage","7":"product_cat-en-avant","8":"product_cat-location","9":"product_cat-lumiere","10":"product_cat-decors","12":"first","13":"instock","14":"taxable","15":"shipping-taxable","16":"purchasable","17":"product-type-simple"},"aioseo_notices":[],"jetpack_sharing_enabled":true,"_links":{"self":[{"href":"https:\/\/nuitblanche.be\/index.php?rest_route=\/wp\/v2\/product\/1248","targetHints":{"allow":["GET"]}}],"collection":[{"href":"https:\/\/nuitblanche.be\/index.php?rest_route=\/wp\/v2\/product"}],"about":[{"href":"https:\/\/nuitblanche.be\/index.php?rest_route=\/wp\/v2\/types\/product"}],"wp:featuredmedia":[{"embeddable":true,"href":"https:\/\/nuitblanche.be\/index.php?rest_route=\/wp\/v2\/media\/1250"}],"wp:attachment":[{"href":"https:\/\/nuitblanche.be\/index.php?rest_route=%2Fwp%2Fv2%2Fmedia&parent=1248"}],"wp:term":[{"taxonomy":"product_cat","embeddable":true,"href":"https:\/\/nuitblanche.be\/index.php?rest_route=%2Fwp%2Fv2%2Fproduct_cat&post=1248"},{"taxonomy":"product_tag","embeddable":true,"href":"https:\/\/nuitblanche.be\/index.php?rest_route=%2Fwp%2Fv2%2Fproduct_tag&post=1248"}],"curies":[{"name":"wp","href":"https:\/\/api.w.org\/{rel}","templated":true}]}}