{"id":1184,"date":"2021-04-25T12:42:02","date_gmt":"2021-04-25T12:42:02","guid":{"rendered":"http:\/\/nuitblanche.be\/WordPress3\/?product=bt-fevercam2-pro"},"modified":"2021-05-11T13:57:16","modified_gmt":"2021-05-11T13:57:16","slug":"bt-fevercam2-pro","status":"publish","type":"product","link":"https:\/\/nuitblanche.be\/?product=bt-fevercam2-pro","title":{"rendered":"BT-FEVERCAM2 PRO"},"content":{"rendered":"<ul>\n<li>Syst\u00e8me de d\u00e9tection thermographique de la fi\u00e8vre de haute technologie utilisant 2 cam\u00e9ras :\n<ul>\n<li>1 cam\u00e9ra thermographique \u00e9quip\u00e9e d&rsquo;un capteur IRFPA 256&#215;192 inventif<\/li>\n<li>1 Cam\u00e9ra lumineuse visuelle \u00e9quip\u00e9e d&rsquo;un capteur de 1280&#215;768 pixels<\/li>\n<\/ul>\n<\/li>\n<li>Gr\u00e2ce \u00e0 l&rsquo;intelligence artificielle, cette cam\u00e9ra scanne simultan\u00e9ment la temp\u00e9rature de grands flux de personnes.<\/li>\n<li>Parfaite pour la surveillance sans contact de la fi\u00e8vre \u00e0 l&rsquo;entr\u00e9e des \u00e9coles, universit\u00e9s, centres commerciaux, entreprises, centres sportifs\/clubs, h\u00f4pitaux, gares routi\u00e8res\/ferroviaires, concerts, mus\u00e9es, &#8230;<\/li>\n<li>En plus, la cam\u00e9ra peut \u00e9galement v\u00e9rifier et avertir lorsque des personnes sans masque de protection sont d\u00e9tect\u00e9es!<\/li>\n<li><strong>Le syst\u00e8me comprend un micro-ordinateur avec le logiciel pr\u00e9-install\u00e9 : il suffit de connecter le syst\u00e8me \u00e0 un moniteur vid\u00e9o optionnel \u00e0 l&rsquo;aide du c\u00e2ble HDMI inclus et tout est pr\u00eat \u00e0 \u00eatre utilis\u00e9 ! <\/strong><\/li>\n<li>Aucun PC n&rsquo;est n\u00e9cessaire, m\u00eame une t\u00e9l\u00e9commande IR est incluse pour une utilisation facile !<\/li>\n<li>Mesure de la temp\u00e9rature sur plusieurs cibles <strong>jusqu&rsquo;\u00e0 4m de distance<\/strong> avec une pr\u00e9cision de 0,5\u00b0C !<\/li>\n<li>L'\u00a0\u00bbalarme fi\u00e8vre\u00a0\u00bb automatique se d\u00e9clenche et un <strong>clich\u00e9 combin\u00e9 thermo + visuel<\/strong> est enregistr\u00e9 lorsqu&rsquo;une personne ayant une temp\u00e9rature \u00e9lev\u00e9e passe : <strong>tr\u00e8s facile de reconna\u00eetre une personne ayant de la fi\u00e8vre ! <\/strong>Ces fonctions peuvent \u00eatre d\u00e9sactiv\u00e9s, permettant un suivi discr\u00e8te et manuel si votre application le demande.<\/li>\n<li>Plage de mesure : 30 \u2013 45\u00b0C<\/li>\n<li>L&rsquo;installation ne prend que quelques minutes et le fonctionnement est tr\u00e8s simple !<\/li>\n<li><strong>Composants inclus<\/strong> :\n<ul>\n<li>Cam\u00e9ra \u00e0 double objectif thermique + lumi\u00e8re visuelle<\/li>\n<li>Tr\u00e9pied<\/li>\n<li>Micro-ordinateur avec logiciels<\/li>\n<li>T\u00e9l\u00e9commande IR<\/li>\n<li>C\u00e2ble HDMI (moniteur vid\u00e9o ou t\u00e9l\u00e9viseur avec entr\u00e9e HDMI en option)<\/li>\n<\/ul>\n<\/li>\n<li>L&rsquo;\u00e9cran du moniteur n&rsquo;est pas inclus.<\/li>\n<\/ul>\n<p><FONT size=\"1\"> <em>Vie priv\u00e9e et protection des donn\u00e9es personnelles<\/em><br \/>\n<em>Ce produit peut \u00eatre dot\u00e9 de fonctionnalit\u00e9s permettant de traiter et \u00e9ventuellement d&rsquo;enregistrer des donn\u00e9es personnelles (par exemple des images thermiques et des images vid\u00e9o).<\/em><br \/>\n<em>L&rsquo;utilisation de ces fonctionnalit\u00e9s peut \u00eatre soumise \u00e0 des r\u00e9glementations locales, telles que celles relatives au traitement des donn\u00e9es personnelles, \u00e0 l&rsquo;utilisation de cam\u00e9ras et au principe de confidentialit\u00e9 des communications \u00e9lectroniques. Veillez \u00e0 vous informer afin de vous conformer aux r\u00e8gles applicables.<\/em><br \/>\n<em>Nous ne pouvons \u00eatre tenu responsable de l&rsquo;utilisation que vous faites de ces fonctionnalit\u00e9s.<\/em><\/FONT><\/p>\n","protected":false},"excerpt":{"rendered":"<p>Camera thermographique hte tech utilisant 2 cam\u00e9ras<\/p>\n<p hidden=\"\">covid19 corona<\/p>\n","protected":false},"featured_media":1334,"template":"","meta":{"om_disable_all_campaigns":false,"_monsterinsights_skip_tracking":false,"_monsterinsights_sitenote_active":false,"_monsterinsights_sitenote_note":"","_monsterinsights_sitenote_category":0},"product_cat":[69,70,36],"product_tag":[73],"class_list":{"0":"post-1184","1":"product","2":"type-product","3":"status-publish","4":"has-post-thumbnail","6":"product_cat-covid-19","7":"product_cat-safety","8":"product_cat-vente","9":"product_tag-briteq","11":"first","12":"instock","13":"taxable","14":"shipping-taxable","15":"purchasable","16":"product-type-simple"},"aioseo_notices":[],"jetpack_sharing_enabled":true,"_links":{"self":[{"href":"https:\/\/nuitblanche.be\/index.php?rest_route=\/wp\/v2\/product\/1184","targetHints":{"allow":["GET"]}}],"collection":[{"href":"https:\/\/nuitblanche.be\/index.php?rest_route=\/wp\/v2\/product"}],"about":[{"href":"https:\/\/nuitblanche.be\/index.php?rest_route=\/wp\/v2\/types\/product"}],"wp:featuredmedia":[{"embeddable":true,"href":"https:\/\/nuitblanche.be\/index.php?rest_route=\/wp\/v2\/media\/1334"}],"wp:attachment":[{"href":"https:\/\/nuitblanche.be\/index.php?rest_route=%2Fwp%2Fv2%2Fmedia&parent=1184"}],"wp:term":[{"taxonomy":"product_cat","embeddable":true,"href":"https:\/\/nuitblanche.be\/index.php?rest_route=%2Fwp%2Fv2%2Fproduct_cat&post=1184"},{"taxonomy":"product_tag","embeddable":true,"href":"https:\/\/nuitblanche.be\/index.php?rest_route=%2Fwp%2Fv2%2Fproduct_tag&post=1184"}],"curies":[{"name":"wp","href":"https:\/\/api.w.org\/{rel}","templated":true}]}}