{"id":1182,"date":"2021-04-25T12:41:59","date_gmt":"2021-04-25T12:41:59","guid":{"rendered":"http:\/\/nuitblanche.be\/WordPress3\/?product=bt-fevercam"},"modified":"2021-05-11T13:47:09","modified_gmt":"2021-05-11T13:47:09","slug":"bt-fevercam","status":"publish","type":"product","link":"https:\/\/nuitblanche.be\/?product=bt-fevercam","title":{"rendered":"BT-FEVERCAM"},"content":{"rendered":"<ul>\n<li>Cam\u00e9ra thermographique de d\u00e9tection de la fi\u00e8vre \u00e9quip\u00e9e d&rsquo;un capteur IRFPA 256&#215;192 inventif !<\/li>\n<li>Gr\u00e2ce \u00e0 l\u2019Intelligence Artificielle, cette cam\u00e9ra scanne simultan\u00e9ment la temp\u00e9rature de grands flux de personnes.<\/li>\n<li>Parfaite pour la surveillance de la fi\u00e8vre sans contact \u00e0 l&rsquo;entr\u00e9e des \u00e9coles, universit\u00e9s, centres commerciaux, entreprises, centres sportifs\/clubs, h\u00f4pitaux, gares routi\u00e8res\/ferroviaires, concerts, mus\u00e9es, &#8230;<\/li>\n<li>Le logiciel PC inclus s&rsquo;installe facilement sur tout PC, ordinateur portable ou tablette disposant du syst\u00e8me d&rsquo;exploitation WIN10 64 bits<\/li>\n<li>Mesure de la temp\u00e9rature de plusieurs personnes jusqu&rsquo;\u00e0 2 m de distance avec une pr\u00e9cision de 0,5 \u00b0C !<\/li>\n<li>L'\u00a0\u00bbalarme fi\u00e8vre\u00a0\u00bb se d\u00e9clenche automatiquement. Cette fonction peut \u00eatre d\u00e9sactiv\u00e9, permettant un suivi manuel et discr\u00e8te.<\/li>\n<li>Un instantan\u00e9 thermique est enregistr\u00e9 lorsqu&rsquo;une personne dont la temp\u00e9rature a augment\u00e9 passe. Aussi cette fonction peut \u00eatre d\u00e9sactiv\u00e9 si votre application le demande.<\/li>\n<li>Plage de mesure : 30 \u2013 45\u00b0C<\/li>\n<li>L&rsquo;installation ne prend que quelques minutes et le fonctionnement est tr\u00e8s simple !<\/li>\n<li><strong>Composants inclus :<\/strong>\n<ul>\n<li>Cam\u00e9ra thermique<\/li>\n<li>Tr\u00e9pied<\/li>\n<li>Logiciels pour PC (voir les t\u00e9l\u00e9chargements pour la derni\u00e8re version du logiciel PC)<\/li>\n<li>Rail de montage pour appareil photo et tablette<\/li>\n<li>C\u00e2ble USB<\/li>\n<li>Adaptateur USB-A \u00e0 USB-C<\/li>\n<\/ul>\n<\/li>\n<li>La tablette\/PC et le support mural ne sont pas inclus.<\/li>\n<\/ul>\n<p><\/FONT size=\"1\"> <em>Vie priv\u00e9e et protection des donn\u00e9es personnelles<\/em><br \/>\n<em>Ce produit peut \u00eatre dot\u00e9 de fonctionnalit\u00e9s permettant de traiter et \u00e9ventuellement d&rsquo;enregistrer des donn\u00e9es personnelles (par exemple des images thermiques et des images vid\u00e9o).<\/em><br \/>\n<em>L&rsquo;utilisation de ces fonctionnalit\u00e9s peut \u00eatre soumise \u00e0 des r\u00e9glementations locales, telles que celles relatives au traitement des donn\u00e9es personnelles, \u00e0 l&rsquo;utilisation de cam\u00e9ras et au principe de confidentialit\u00e9 des communications \u00e9lectroniques. Veillez \u00e0 vous informer afin de vous conformer aux r\u00e8gles applicables.<\/em><br \/>\n<em>Nous ne pouvons \u00eatre tenu responsable de l&rsquo;utilisation que vous faites de ces fonctionnalit\u00e9s.<\/em> <\/font><\/p>\n","protected":false},"excerpt":{"rendered":"<p>Cam\u00e9ra thermographique de d\u00e9tection de la fi\u00e8vre <\/p>\n<p hidden>corona<\/p>\n","protected":false},"featured_media":1339,"template":"","meta":{"om_disable_all_campaigns":false,"_monsterinsights_skip_tracking":false,"_monsterinsights_sitenote_active":false,"_monsterinsights_sitenote_note":"","_monsterinsights_sitenote_category":0},"product_cat":[69,70,36],"product_tag":[73],"class_list":{"0":"post-1182","1":"product","2":"type-product","3":"status-publish","4":"has-post-thumbnail","6":"product_cat-covid-19","7":"product_cat-safety","8":"product_cat-vente","9":"product_tag-briteq","11":"first","12":"instock","13":"taxable","14":"shipping-taxable","15":"purchasable","16":"product-type-simple"},"aioseo_notices":[],"jetpack_sharing_enabled":true,"_links":{"self":[{"href":"https:\/\/nuitblanche.be\/index.php?rest_route=\/wp\/v2\/product\/1182","targetHints":{"allow":["GET"]}}],"collection":[{"href":"https:\/\/nuitblanche.be\/index.php?rest_route=\/wp\/v2\/product"}],"about":[{"href":"https:\/\/nuitblanche.be\/index.php?rest_route=\/wp\/v2\/types\/product"}],"wp:featuredmedia":[{"embeddable":true,"href":"https:\/\/nuitblanche.be\/index.php?rest_route=\/wp\/v2\/media\/1339"}],"wp:attachment":[{"href":"https:\/\/nuitblanche.be\/index.php?rest_route=%2Fwp%2Fv2%2Fmedia&parent=1182"}],"wp:term":[{"taxonomy":"product_cat","embeddable":true,"href":"https:\/\/nuitblanche.be\/index.php?rest_route=%2Fwp%2Fv2%2Fproduct_cat&post=1182"},{"taxonomy":"product_tag","embeddable":true,"href":"https:\/\/nuitblanche.be\/index.php?rest_route=%2Fwp%2Fv2%2Fproduct_tag&post=1182"}],"curies":[{"name":"wp","href":"https:\/\/api.w.org\/{rel}","templated":true}]}}