{"id":1178,"date":"2021-04-25T12:41:54","date_gmt":"2021-04-25T12:41:54","guid":{"rendered":"http:\/\/nuitblanche.be\/WordPress3\/?product=eml-50"},"modified":"2021-05-11T13:56:37","modified_gmt":"2021-05-11T13:56:37","slug":"eml-50","status":"publish","type":"product","link":"https:\/\/nuitblanche.be\/?product=eml-50","title":{"rendered":"EML-50"},"content":{"rendered":"<p>Syst\u00e8me simple pour g\u00e9rer l&rsquo;acc\u00e8s \u00e0 votre boutique, bas\u00e9 sur un module LED vert et rouge.<\/p>\n<p>Pour g\u00e9rer les files d&rsquo;attente, vous n&rsquo;avez plus besoin d&#8217;embaucher du personnel.<br \/>\nGr\u00e2ce \u00e0 cette solution simple, vous pouvez facilement envoyer le bon signal \u00e0 la personne suivante dans la file d&rsquo;attente tout en restant derri\u00e8re votre comptoir.<\/p>\n<ul>\n<li>Syst\u00e8me simple pour g\u00e9rer l&rsquo;acc\u00e8s \u00e0 votre boutique.<\/li>\n<li>Bas\u00e9 sur un module LED vert et rouge.<\/li>\n<li>La t\u00e9l\u00e9commande incluse avec indicateur visuel peut \u00eatre plac\u00e9e sur votre comptoir.<\/li>\n<li>Statif inclus.<\/li>\n<li>C\u00e2ble de connexion de 10m inclus (extensible si n\u00e9cessaire).<\/li>\n<li>Largeur du pied: 25cm<\/li>\n<li>Hauteur minimale: 114cm<\/li>\n<li>Hauteur maximale: 183cm<\/li>\n<\/ul>\n","protected":false},"excerpt":{"rendered":"<p>Gestion d&rsquo;acc\u00e8s boutique,<br \/>\nFeu \u00e0 LED vert et rouge<\/p>\n<p hidden=\"\">covid19 corona<\/p>\n","protected":false},"featured_media":1345,"template":"","meta":{"om_disable_all_campaigns":false,"_monsterinsights_skip_tracking":false,"_monsterinsights_sitenote_active":false,"_monsterinsights_sitenote_note":"","_monsterinsights_sitenote_category":0},"product_cat":[69,70,36],"product_tag":[72],"class_list":{"0":"post-1178","1":"product","2":"type-product","3":"status-publish","4":"has-post-thumbnail","6":"product_cat-covid-19","7":"product_cat-safety","8":"product_cat-vente","9":"product_tag-jb-systems","11":"first","12":"instock","13":"taxable","14":"shipping-taxable","15":"purchasable","16":"product-type-simple"},"aioseo_notices":[],"jetpack_sharing_enabled":true,"_links":{"self":[{"href":"https:\/\/nuitblanche.be\/index.php?rest_route=\/wp\/v2\/product\/1178","targetHints":{"allow":["GET"]}}],"collection":[{"href":"https:\/\/nuitblanche.be\/index.php?rest_route=\/wp\/v2\/product"}],"about":[{"href":"https:\/\/nuitblanche.be\/index.php?rest_route=\/wp\/v2\/types\/product"}],"wp:featuredmedia":[{"embeddable":true,"href":"https:\/\/nuitblanche.be\/index.php?rest_route=\/wp\/v2\/media\/1345"}],"wp:attachment":[{"href":"https:\/\/nuitblanche.be\/index.php?rest_route=%2Fwp%2Fv2%2Fmedia&parent=1178"}],"wp:term":[{"taxonomy":"product_cat","embeddable":true,"href":"https:\/\/nuitblanche.be\/index.php?rest_route=%2Fwp%2Fv2%2Fproduct_cat&post=1178"},{"taxonomy":"product_tag","embeddable":true,"href":"https:\/\/nuitblanche.be\/index.php?rest_route=%2Fwp%2Fv2%2Fproduct_tag&post=1178"}],"curies":[{"name":"wp","href":"https:\/\/api.w.org\/{rel}","templated":true}]}}