{"id":1176,"date":"2021-04-25T12:41:51","date_gmt":"2021-04-25T12:41:51","guid":{"rendered":"http:\/\/nuitblanche.be\/WordPress3\/?product=health-screen-set-100x75-free"},"modified":"2021-05-10T16:55:13","modified_gmt":"2021-05-10T16:55:13","slug":"health-screen-set-100x75-free","status":"publish","type":"product","link":"https:\/\/nuitblanche.be\/?product=health-screen-set-100x75-free","title":{"rendered":"HEALTH-SCREEN SET 100&#215;75 FREE"},"content":{"rendered":"<p><strong>\u00c9cran en verre tremp\u00e9<\/strong> pour tables et comptoirs.<\/p>\n<ul>\n<li>\u00c9viter le contact humain direct est le meilleur moyen de se prot\u00e9ger des virus (Corona) !<\/li>\n<li>Nos \u00ab\u00a0HEALTH-SCREEN\u00a0\u00bb (\u00e9crans de sant\u00e9) cr\u00e9ent facilement cette s\u00e9curit\u00e9 suppl\u00e9mentaire !<\/li>\n<li>Con\u00e7us pour \u00eatre utilis\u00e9s dans les magasins, les bureaux, les \u00e9coles, les restaurants, les bars, &#8230;<\/li>\n<li><strong>Du verre tremp\u00e9 \u00e0 la place du plexiglas :<\/strong> pas de rayures, un aspect beaucoup plus agr\u00e9able et pas de d\u00e9g\u00e2ts lors de l&rsquo;utilisation de d\u00e9sinfectants alcoolis\u00e9s !<\/li>\n<li>Rentable et tr\u00e8s facile \u00e0 monter !<\/li>\n<li>Il existe deux solutions qui s&rsquo;adaptent tr\u00e8s facilement \u00e0 diff\u00e9rentes situations.<\/li>\n<li><strong><strong>Cet ensemble contient :<\/strong><\/strong>\n<ul>\n<li>2 adaptateurs m\u00e9talliques avec une base de 30 cm qui peuvent \u00eatre plac\u00e9s librement sur toute surface plane ou fix\u00e9s \u00e0 l&rsquo;aide de visserie.<\/li>\n<li>1 panneau en verre tremp\u00e9 de 100 x 75 cm (5 mm d&rsquo;\u00e9paisseur)<\/li>\n<li>Mat\u00e9riel de montage<\/li>\n<\/ul>\n<\/li>\n<li>Possibilit\u00e9 de fixer le verre tremp\u00e9 en position horizontale ou verticale.<\/li>\n<li>Diff\u00e9rentes hauteurs d&rsquo;installation (5, 10, 15 cm) sont possibles pour cr\u00e9er une trappe de passage pour les comptoirs des magasins.<\/li>\n<\/ul>\n","protected":false},"excerpt":{"rendered":"<p>\u00c9cran en verre tremp\u00e9.<strong><br \/>\n<\/strong>Avec pieds<\/p>\n<p hidden=\"\">vitre protection<\/p>\n","protected":false},"featured_media":1175,"template":"","meta":{"om_disable_all_campaigns":false,"_monsterinsights_skip_tracking":false,"_monsterinsights_sitenote_active":false,"_monsterinsights_sitenote_note":"","_monsterinsights_sitenote_category":0},"product_cat":[69,70,36],"product_tag":[71],"class_list":{"0":"post-1176","1":"product","2":"type-product","3":"status-publish","4":"has-post-thumbnail","6":"product_cat-covid-19","7":"product_cat-safety","8":"product_cat-vente","9":"product_tag-hilec","11":"first","12":"instock","13":"taxable","14":"shipping-taxable","15":"purchasable","16":"product-type-simple"},"aioseo_notices":[],"jetpack_sharing_enabled":true,"_links":{"self":[{"href":"https:\/\/nuitblanche.be\/index.php?rest_route=\/wp\/v2\/product\/1176","targetHints":{"allow":["GET"]}}],"collection":[{"href":"https:\/\/nuitblanche.be\/index.php?rest_route=\/wp\/v2\/product"}],"about":[{"href":"https:\/\/nuitblanche.be\/index.php?rest_route=\/wp\/v2\/types\/product"}],"wp:featuredmedia":[{"embeddable":true,"href":"https:\/\/nuitblanche.be\/index.php?rest_route=\/wp\/v2\/media\/1175"}],"wp:attachment":[{"href":"https:\/\/nuitblanche.be\/index.php?rest_route=%2Fwp%2Fv2%2Fmedia&parent=1176"}],"wp:term":[{"taxonomy":"product_cat","embeddable":true,"href":"https:\/\/nuitblanche.be\/index.php?rest_route=%2Fwp%2Fv2%2Fproduct_cat&post=1176"},{"taxonomy":"product_tag","embeddable":true,"href":"https:\/\/nuitblanche.be\/index.php?rest_route=%2Fwp%2Fv2%2Fproduct_tag&post=1176"}],"curies":[{"name":"wp","href":"https:\/\/api.w.org\/{rel}","templated":true}]}}