{"id":1054,"date":"2021-04-24T12:22:17","date_gmt":"2021-04-24T12:22:17","guid":{"rendered":"http:\/\/nuitblanche.be\/WordPress3\/?post_type=product&#038;p=1054"},"modified":"2021-05-10T16:21:56","modified_gmt":"2021-05-10T16:21:56","slug":"synq","status":"publish","type":"product","link":"https:\/\/nuitblanche.be\/?product=synq","title":{"rendered":"Synq-Audio"},"content":{"rendered":"<p>Mat\u00e9riel professionnel de son :<\/p>\n<ul>\n<li>Amplificateurs, traitement audio, casques, table de mixage, Enceintes, platine<\/li>\n<li>cables et connecteurs, adaptateurs audio<\/li>\n<li>Flight case.<\/li>\n<\/ul>\n<p>La marque \u201cSynq Audio Research\u00ae\u201d ou \u201cSynq\u00ae\u201d cr\u00e9e en 2003 pour rendre les solutions-son-professionnel-haut-de-gamme accessible \u00e0 un public plus large!<\/p>\n<p>Vu la croissance dans la concurrence de materiel DJ et l&rsquo;\u00e9volution vers les logiciels DJ, en 2014, la marque SYNQ redirige ces activit\u00e9s de produits DJ professionnel (lecteurs de CD, platines vinyles, &#8230; ) vers du PA professionnel (haut-parleurs, amplificateurs,&#8230;).<\/p>\n<p>Le d\u00e9veloppement des produits qui se fait en Belgique, met l\u2019accent sur le confort d\u2019utilisation et la fiabilit\u00e9. Chaque application a ses besoins sp\u00e9cifiques, et c\u2019est exactement cela que nos ing\u00e9nieurs ont \u00e0 l\u2019esprit quand ils travaillent sur un nouveau produit ou concept.<\/p>\n<p>Pour maintenir leur avantage sur la concurrence, ils ont fait des investissements majeurs au cours des derni\u00e8res ann\u00e9es pour am\u00e9liorer la qualit\u00e9 et l\u2019innovation de Synq.<br \/>\nPour am\u00e9liorer la qualit\u00e9 et la facilit\u00e9 d\u2019entretien de leurs produits ils travaillent de plus en plus avec des constructeurs europ\u00e9ens comme<span>\u00a0<\/span><a title=\"Beyma\" href=\"http:\/\/www.beyma.com\/\" target=\"_blank\" rel=\"noopener\">Beyma<\/a>,<span>\u00a0<\/span><a title=\"Faital Pro\" href=\"http:\/\/www.faitalpro.com\/\" target=\"_blank\" rel=\"noopener\">Faital Pro<\/a>, \u2026 .<\/p>\n<p>Soutenu par une \u00e9quipe qualifi\u00e9e, multilingue en plein centre de l\u2019Europe, Synq est votre meilleur partenaire pour tous vos projets de son professionnel haut de gamme. Leur \u00e9quipe, form\u00e9e par l\u2019exp\u00e9rience sur le terrain, est reconnue pour son efficacit\u00e9 et sa r\u00e9activit\u00e9. Aucune question sans r\u00e9ponse, pas de probl\u00e8me sans solution! Leur service apr\u00e8s vente est un mod\u00e8le de r\u00f4le pour l\u2019entreprise depuis ses d\u00e9buts.<\/p>\n<p>https:\/\/synq-audio.com\/<\/p>\n","protected":false},"excerpt":{"rendered":"<p>Mat\u00e9riel professionnel de son : Amplificateurs, traitement audio, casques, table de mixage, Enceintes, platine cables et connecteurs, adaptateurs audio Flight case. La marque \u201cSynq Audio Research\u00ae\u201d ou \u201cSynq\u00ae\u201d cr\u00e9e en 2003 pour rendre les solutions-son-professionnel-haut-de-gamme accessible \u00e0 un public plus large! Vu la croissance dans la concurrence de materiel DJ [&hellip;]<\/p>\n","protected":false},"featured_media":532,"template":"","meta":{"om_disable_all_campaigns":false,"_monsterinsights_skip_tracking":false,"_monsterinsights_sitenote_active":false,"_monsterinsights_sitenote_note":"","_monsterinsights_sitenote_category":0},"product_cat":[36,39],"product_tag":[],"class_list":{"0":"post-1054","1":"product","2":"type-product","3":"status-publish","4":"has-post-thumbnail","6":"product_cat-vente","7":"product_cat-son-vente","9":"first","10":"instock","11":"taxable","12":"shipping-taxable","13":"product-type-external"},"aioseo_notices":[],"jetpack_sharing_enabled":true,"_links":{"self":[{"href":"https:\/\/nuitblanche.be\/index.php?rest_route=\/wp\/v2\/product\/1054","targetHints":{"allow":["GET"]}}],"collection":[{"href":"https:\/\/nuitblanche.be\/index.php?rest_route=\/wp\/v2\/product"}],"about":[{"href":"https:\/\/nuitblanche.be\/index.php?rest_route=\/wp\/v2\/types\/product"}],"wp:featuredmedia":[{"embeddable":true,"href":"https:\/\/nuitblanche.be\/index.php?rest_route=\/wp\/v2\/media\/532"}],"wp:attachment":[{"href":"https:\/\/nuitblanche.be\/index.php?rest_route=%2Fwp%2Fv2%2Fmedia&parent=1054"}],"wp:term":[{"taxonomy":"product_cat","embeddable":true,"href":"https:\/\/nuitblanche.be\/index.php?rest_route=%2Fwp%2Fv2%2Fproduct_cat&post=1054"},{"taxonomy":"product_tag","embeddable":true,"href":"https:\/\/nuitblanche.be\/index.php?rest_route=%2Fwp%2Fv2%2Fproduct_tag&post=1054"}],"curies":[{"name":"wp","href":"https:\/\/api.w.org\/{rel}","templated":true}]}}