{"id":429,"date":"2020-08-31T09:07:18","date_gmt":"2020-08-31T09:07:18","guid":{"rendered":"http:\/\/nuitblanche.be\/WordPress3\/?page_id=429"},"modified":"2024-06-24T20:28:07","modified_gmt":"2024-06-24T20:28:07","slug":"hestia-front","status":"publish","type":"page","link":"https:\/\/nuitblanche.be\/","title":{"rendered":"Front Page"},"content":{"rendered":"<figure class=\"wp-block-table aligncenter\"><table><tbody><tr><td>Nuit Blanche cr\u00e9\u00e9e 1999, est prestataire en technique \u00e9v\u00e8nementielle. <br>Nous nous occupons de la r\u00e9gie de votre \u00e9v\u00e8nement et vous n&rsquo;aurez plus qu&rsquo;un interlocuteur. <br>Nous prenons en charge le son, l&rsquo;\u00e9clairage, la vid\u00e9o, ainsi que les aspects logistiques tel que podium &amp; \u00e9lectricit\u00e9.<br>Nous accueillons vos artistes, et leurs besoins techniques.<br>Nous r\u00e9pondons \u00e0 vos demandes en mat\u00e9riel \u00e9v\u00e9nementiel : location, installation et \u00e9galement vente.<br>Nous proposons aussi un service de podiums couverts. <br>Vous trouverez aussi des \u00e9l\u00e9ments de d\u00e9coration et du mobilier \u00e9v\u00e9nementiel.<br>Nos services sont accessible aux particuliers et aux entreprises, collectivit\u00e9s, communes et \u00e9coles.<br>Une liste non exhaustive de nos produits se trouve dans la section <a href=\"https:\/\/nuitblanche.be\/WordPress3\/wp-admin\/customize.php?url=https%3A%2F%2Fnuitblanche.be%2F\" title=\"\">\u00ab nos services \u00bb<\/a> mais n\u2019h\u00e9sitez pas \u00e0 nous contacter pour d\u00e9finir vos besoins.<br><a href=\"https:\/\/www.facebook.com\/search\/top?q=nuit%20blanche\" target=\"_blank\" rel=\"noopener\" title=\"\">Suivez nous sur notre page Facebook<\/a><\/td><td>\n<iframe loading=\"lazy\" src=\"https:\/\/www.facebook.com\/plugins\/page.php?href=https%3A%2F%2Fwww.facebook.com%2FNuitBlanchebxl%2F&amp;tabs=timeline&amp;width=300&amp;height=412&amp;small_header=false&amp;adapt_container_width=true&amp;hide_cover=false&amp;show_facepile=true&amp;appId\" style=\"border: medium none ; overflow: hidden;\" allowtransparency=\"true\" frameborder=\"0\" height=\"600\" scrolling=\"no\" width=\"500\"><\/iframe><br>\n<\/td><\/tr><\/tbody><\/table><\/figure>","protected":false},"excerpt":{"rendered":"<p>Nuit Blanche cr\u00e9\u00e9e 1999, est prestataire en technique \u00e9v\u00e8nementielle. Nous nous occupons de la r\u00e9gie de votre \u00e9v\u00e8nement et vous n&rsquo;aurez plus qu&rsquo;un interlocuteur. Nous prenons en charge le son, l&rsquo;\u00e9clairage, la vid\u00e9o, ainsi que les aspects logistiques tel que podium &amp; \u00e9lectricit\u00e9.Nous accueillons vos artistes, et leurs besoins techniques.Nous [&hellip;]<\/p>\n","protected":false},"author":1,"featured_media":325,"parent":0,"menu_order":0,"comment_status":"closed","ping_status":"closed","template":"","meta":{"om_disable_all_campaigns":false,"_monsterinsights_skip_tracking":false,"_monsterinsights_sitenote_active":false,"_monsterinsights_sitenote_note":"","_monsterinsights_sitenote_category":0,"footnotes":""},"class_list":["post-429","page","type-page","status-publish","has-post-thumbnail","hentry"],"aioseo_notices":[],"jetpack_sharing_enabled":true,"_links":{"self":[{"href":"https:\/\/nuitblanche.be\/index.php?rest_route=\/wp\/v2\/pages\/429","targetHints":{"allow":["GET"]}}],"collection":[{"href":"https:\/\/nuitblanche.be\/index.php?rest_route=\/wp\/v2\/pages"}],"about":[{"href":"https:\/\/nuitblanche.be\/index.php?rest_route=\/wp\/v2\/types\/page"}],"author":[{"embeddable":true,"href":"https:\/\/nuitblanche.be\/index.php?rest_route=\/wp\/v2\/users\/1"}],"replies":[{"embeddable":true,"href":"https:\/\/nuitblanche.be\/index.php?rest_route=%2Fwp%2Fv2%2Fcomments&post=429"}],"version-history":[{"count":15,"href":"https:\/\/nuitblanche.be\/index.php?rest_route=\/wp\/v2\/pages\/429\/revisions"}],"predecessor-version":[{"id":1764,"href":"https:\/\/nuitblanche.be\/index.php?rest_route=\/wp\/v2\/pages\/429\/revisions\/1764"}],"wp:featuredmedia":[{"embeddable":true,"href":"https:\/\/nuitblanche.be\/index.php?rest_route=\/wp\/v2\/media\/325"}],"wp:attachment":[{"href":"https:\/\/nuitblanche.be\/index.php?rest_route=%2Fwp%2Fv2%2Fmedia&parent=429"}],"curies":[{"name":"wp","href":"https:\/\/api.w.org\/{rel}","templated":true}]}}