{"id":37,"date":"2019-06-13T12:20:27","date_gmt":"2019-06-13T12:20:27","guid":{"rendered":"http:\/\/nuitblanche.be\/WordPress3\/?page_id=37"},"modified":"2021-04-25T10:29:03","modified_gmt":"2021-04-25T10:29:03","slug":"illuminations","status":"publish","type":"page","link":"https:\/\/nuitblanche.be\/?page_id=37","title":{"rendered":"Illuminations"},"content":{"rendered":"<p> A l&rsquo;occasion des f\u00eates de fin d\u2019ann\u00e9e ou pour tout autre \u00e9v\u00e9nement (anniversaire, vernissage, Saint-Valentin, P\u00e2ques, &#8230;), <strong>mettez votre fa\u00e7ade, jardin ou rue en lumi\u00e8res, en couleurs et en valeur<\/strong>. <\/p><figure class=\"wp-block-image\"><img loading=\"lazy\" decoding=\"async\" width=\"1024\" height=\"768\" src=\"http:\/\/nuitblanche.be\/WordPress3\/wp-content\/uploads\/2019\/06\/noelsSN-1024x768.jpg\" alt=\"\" class=\"wp-image-59\" srcset=\"https:\/\/nuitblanche.be\/WordPress3\/wp-content\/uploads\/2019\/06\/noelsSN.jpg 1024w, https:\/\/nuitblanche.be\/WordPress3\/wp-content\/uploads\/2019\/06\/noelsSN-600x450.jpg 600w, https:\/\/nuitblanche.be\/WordPress3\/wp-content\/uploads\/2019\/06\/noelsSN-300x225.jpg 300w, https:\/\/nuitblanche.be\/WordPress3\/wp-content\/uploads\/2019\/06\/noelsSN-768x576.jpg 768w\" sizes=\"auto, (max-width: 1024px) 100vw, 1024px\" \/><\/figure><div class=\"wp-block-columns has-2-columns is-layout-flex wp-container-core-columns-is-layout-9d6595d7 wp-block-columns-is-layout-flex\"><div class=\"wp-block-column is-layout-flow wp-block-column-is-layout-flow\"><figure class=\"wp-block-gallery columns-1 is-cropped wp-block-gallery-1 is-layout-flex wp-block-gallery-is-layout-flex\"><ul class=\"blocks-gallery-grid\"><li class=\"blocks-gallery-item\"><figure><img loading=\"lazy\" decoding=\"async\" width=\"1024\" height=\"768\" src=\"http:\/\/nuitblanche.be\/WordPress3\/wp-content\/uploads\/2019\/06\/noelsSN-1-1024x768.jpg\" alt=\"\" data-id=\"60\" class=\"wp-image-60\" srcset=\"https:\/\/nuitblanche.be\/WordPress3\/wp-content\/uploads\/2019\/06\/noelsSN-1.jpg 1024w, https:\/\/nuitblanche.be\/WordPress3\/wp-content\/uploads\/2019\/06\/noelsSN-1-600x450.jpg 600w, https:\/\/nuitblanche.be\/WordPress3\/wp-content\/uploads\/2019\/06\/noelsSN-1-300x225.jpg 300w, https:\/\/nuitblanche.be\/WordPress3\/wp-content\/uploads\/2019\/06\/noelsSN-1-768x576.jpg 768w\" sizes=\"auto, (max-width: 1024px) 100vw, 1024px\" \/><\/figure><\/li><\/ul><\/figure>\n\n<p><\/p><\/div>\n\n<div class=\"wp-block-column is-layout-flow wp-block-column-is-layout-flow\"><figure class=\"wp-block-image\"><img loading=\"lazy\" decoding=\"async\" width=\"240\" height=\"320\" src=\"http:\/\/nuitblanche.be\/WordPress3\/wp-content\/uploads\/2019\/06\/noel1.jpg\" alt=\"\" class=\"wp-image-61\" srcset=\"https:\/\/nuitblanche.be\/WordPress3\/wp-content\/uploads\/2019\/06\/noel1.jpg 240w, https:\/\/nuitblanche.be\/WordPress3\/wp-content\/uploads\/2019\/06\/noel1-225x300.jpg 225w\" sizes=\"auto, (max-width: 240px) 100vw, 240px\" \/><\/figure><\/div><\/div>","protected":false},"excerpt":{"rendered":"<p>A l&rsquo;occasion des f\u00eates de fin d\u2019ann\u00e9e ou pour tout autre \u00e9v\u00e9nement (anniversaire, vernissage, Saint-Valentin, P\u00e2ques, &#8230;), mettez votre fa\u00e7ade, jardin ou rue en lumi\u00e8res, en couleurs et en valeur.<\/p>\n","protected":false},"author":1,"featured_media":0,"parent":0,"menu_order":0,"comment_status":"closed","ping_status":"closed","template":"","meta":{"om_disable_all_campaigns":false,"_monsterinsights_skip_tracking":false,"_monsterinsights_sitenote_active":false,"_monsterinsights_sitenote_note":"","_monsterinsights_sitenote_category":0,"footnotes":""},"class_list":["post-37","page","type-page","status-publish","hentry"],"aioseo_notices":[],"jetpack_sharing_enabled":true,"_links":{"self":[{"href":"https:\/\/nuitblanche.be\/index.php?rest_route=\/wp\/v2\/pages\/37","targetHints":{"allow":["GET"]}}],"collection":[{"href":"https:\/\/nuitblanche.be\/index.php?rest_route=\/wp\/v2\/pages"}],"about":[{"href":"https:\/\/nuitblanche.be\/index.php?rest_route=\/wp\/v2\/types\/page"}],"author":[{"embeddable":true,"href":"https:\/\/nuitblanche.be\/index.php?rest_route=\/wp\/v2\/users\/1"}],"replies":[{"embeddable":true,"href":"https:\/\/nuitblanche.be\/index.php?rest_route=%2Fwp%2Fv2%2Fcomments&post=37"}],"version-history":[{"count":5,"href":"https:\/\/nuitblanche.be\/index.php?rest_route=\/wp\/v2\/pages\/37\/revisions"}],"predecessor-version":[{"id":1140,"href":"https:\/\/nuitblanche.be\/index.php?rest_route=\/wp\/v2\/pages\/37\/revisions\/1140"}],"wp:attachment":[{"href":"https:\/\/nuitblanche.be\/index.php?rest_route=%2Fwp%2Fv2%2Fmedia&parent=37"}],"curies":[{"name":"wp","href":"https:\/\/api.w.org\/{rel}","templated":true}]}}