{"id":29,"date":"2019-06-13T12:15:04","date_gmt":"2019-06-13T12:15:04","guid":{"rendered":"http:\/\/nuitblanche.be\/WordPress3\/?page_id=29"},"modified":"2021-04-27T14:29:12","modified_gmt":"2021-04-27T14:29:12","slug":"location","status":"publish","type":"page","link":"https:\/\/nuitblanche.be\/?page_id=29","title":{"rendered":"Location"},"content":{"rendered":"<p><strong>Nuit Blanche vous propose \u00e0 la location un mat\u00e9riel professionnel. Nous vous conseillons dans le choix du mat\u00e9riel pour qu&rsquo;il soit adapt\u00e9 \u00e0 vos besoins.<\/strong><\/p><p><a rel=\"noreferrer noopener\" href=\"http:\/\/nuitblanche.be\/WordPress3\/?product_cat=location\" target=\"_blank\">Vous trouverez ici une liste <em><strong>non exhaustive<\/strong><\/em> du mat\u00e9riel que nous mettons en location.<\/a> Les prix de location sont <strong>indicatifs<\/strong> &amp; Tvac.  N&rsquo;h\u00e9sitez pas \u00e0 nous contacter pour une offre ou du mat\u00e9riel sp\u00e9cifique ne figurant pas dans la liste.<\/p><p>Outre le mat\u00e9riel d&rsquo;\u00e9clairage, de sonorisation ou audiovisuel, Nuit Blanche poss\u00e8de aussi des \u00e9l\u00e9ments de d\u00e9coration. Quels que soient vos projets : concerts, d\u00e9fil\u00e9s, spectacles, \u00e9v\u00e9nements, nous avons une solution.<\/p><p><\/p><p><a href=\"http:\/\/nuitblanche.be\/WordPress3\/?product_cat=location\" target=\"_blank\" rel=\"noreferrer noopener\"><img loading=\"lazy\" decoding=\"async\" width=\"150\" height=\"212\" class=\"wp-image-491\" style=\"width: 150px;\" src=\"http:\/\/nuitblanche.be\/WordPress3\/wp-content\/uploads\/2021\/04\/logo-location.jpg\" alt=\"\" srcset=\"https:\/\/nuitblanche.be\/WordPress3\/wp-content\/uploads\/2021\/04\/logo-location.jpg 794w, https:\/\/nuitblanche.be\/WordPress3\/wp-content\/uploads\/2021\/04\/logo-location-600x849.jpg 600w, https:\/\/nuitblanche.be\/WordPress3\/wp-content\/uploads\/2021\/04\/logo-location-212x300.jpg 212w, https:\/\/nuitblanche.be\/WordPress3\/wp-content\/uploads\/2021\/04\/logo-location-724x1024.jpg 724w, https:\/\/nuitblanche.be\/WordPress3\/wp-content\/uploads\/2021\/04\/logo-location-768x1086.jpg 768w\" sizes=\"auto, (max-width: 150px) 100vw, 150px\" \/><\/a><\/p>","protected":false},"excerpt":{"rendered":"<p>Nuit Blanche vous propose \u00e0 la location un mat\u00e9riel professionnel. Nous vous conseillons dans le choix du mat\u00e9riel pour qu&rsquo;il soit adapt\u00e9 \u00e0 vos besoins. Vous trouverez ici une liste non exhaustive du mat\u00e9riel que nous mettons en location. Les prix de location sont indicatifs &amp; Tvac. N&rsquo;h\u00e9sitez pas \u00e0 [&hellip;]<\/p>\n","protected":false},"author":1,"featured_media":0,"parent":0,"menu_order":0,"comment_status":"closed","ping_status":"closed","template":"","meta":{"om_disable_all_campaigns":false,"_monsterinsights_skip_tracking":false,"_monsterinsights_sitenote_active":false,"_monsterinsights_sitenote_note":"","_monsterinsights_sitenote_category":0,"footnotes":""},"class_list":["post-29","page","type-page","status-publish","hentry"],"aioseo_notices":[],"jetpack_sharing_enabled":true,"_links":{"self":[{"href":"https:\/\/nuitblanche.be\/index.php?rest_route=\/wp\/v2\/pages\/29","targetHints":{"allow":["GET"]}}],"collection":[{"href":"https:\/\/nuitblanche.be\/index.php?rest_route=\/wp\/v2\/pages"}],"about":[{"href":"https:\/\/nuitblanche.be\/index.php?rest_route=\/wp\/v2\/types\/page"}],"author":[{"embeddable":true,"href":"https:\/\/nuitblanche.be\/index.php?rest_route=\/wp\/v2\/users\/1"}],"replies":[{"embeddable":true,"href":"https:\/\/nuitblanche.be\/index.php?rest_route=%2Fwp%2Fv2%2Fcomments&post=29"}],"version-history":[{"count":23,"href":"https:\/\/nuitblanche.be\/index.php?rest_route=\/wp\/v2\/pages\/29\/revisions"}],"predecessor-version":[{"id":1210,"href":"https:\/\/nuitblanche.be\/index.php?rest_route=\/wp\/v2\/pages\/29\/revisions\/1210"}],"wp:attachment":[{"href":"https:\/\/nuitblanche.be\/index.php?rest_route=%2Fwp%2Fv2%2Fmedia&parent=29"}],"curies":[{"name":"wp","href":"https:\/\/api.w.org\/{rel}","templated":true}]}}