{"id":122,"date":"2020-03-10T21:44:20","date_gmt":"2020-03-10T21:44:20","guid":{"rendered":"http:\/\/nuitblanche.be\/WordPress3\/?page_id=122"},"modified":"2023-03-23T12:54:33","modified_gmt":"2023-03-23T12:54:33","slug":"nos-services","status":"publish","type":"page","link":"https:\/\/nuitblanche.be\/?page_id=122","title":{"rendered":"Nos services, a l&rsquo;ecoute et au service des besoins de nos clients."},"content":{"rendered":"<p style=\"font-size:18px\">Nuit Blanche a \u00e9t\u00e9 cr\u00e9\u00e9 en 1999.<\/p><p style=\"font-size:18px\">Nuit Blanche  vous propose des services de prestations et installations dans les domaines du son, de la vid\u00e9o, de l&rsquo;\u00e9clairage de spectacles, de jardins et de fa\u00e7ades ainsi que des illuminations.<\/p><p style=\"font-size:18px\">Nous r\u00e9pondons \u00e0 vos besoins en mat\u00e9riel \u00e9v\u00e9nementiel : location, installation et \u00e9galement vente.<\/p><p style=\"font-size:18px\">Nous pouvons aussi vous proposer un service de podiums couverts ainsi que des \u00e9l\u00e9ments de d\u00e9coration et du mobilier \u00e9v\u00e9nementiel.<\/p><p style=\"font-size:18px\">Nous apportons nos services tant aux particuliers qu&rsquo;aux entreprises, collectivit\u00e9s, communes et \u00e9coles. <\/p><p style=\"font-size:18px\">Vous trouverez dans la section <a rel=\"noreferrer noopener\" href=\"http:\/\/nuitblanche.be\/WordPress3\/?post_type=product\" target=\"_blank\">\u00ab Nos Boutiques\u00bb<\/a> une liste non exhaustive de nos produits. N\u2019h\u00e9sitez pas a nous contacter pour d\u00e9finir vos besoins. Nous vous conseillons avec plaisir, exp\u00e9rience et professionnalisme.<\/p><p class=\"has-text-align-center\" style=\"font-size:18px\"><a href=\"https:\/\/nuitblanche.be\/?product_cat=location\" target=\"_blank\" rel=\"noreferrer noopener\"><img loading=\"lazy\" decoding=\"async\" width=\"150\" height=\"212\" class=\"wp-image-491\" style=\"width: 150px;\" src=\"https:\/\/nuitblanche.be\/WordPress3\/wp-content\/uploads\/2021\/04\/logo-location.jpg\" alt=\"\" srcset=\"https:\/\/nuitblanche.be\/WordPress3\/wp-content\/uploads\/2021\/04\/logo-location.jpg 794w, https:\/\/nuitblanche.be\/WordPress3\/wp-content\/uploads\/2021\/04\/logo-location-600x849.jpg 600w, https:\/\/nuitblanche.be\/WordPress3\/wp-content\/uploads\/2021\/04\/logo-location-212x300.jpg 212w, https:\/\/nuitblanche.be\/WordPress3\/wp-content\/uploads\/2021\/04\/logo-location-724x1024.jpg 724w, https:\/\/nuitblanche.be\/WordPress3\/wp-content\/uploads\/2021\/04\/logo-location-768x1086.jpg 768w\" sizes=\"auto, (max-width: 150px) 100vw, 150px\" \/><\/a>                                       <a href=\"https:\/\/nuitblanche.be\/?product_cat=vente\" target=\"_blank\" rel=\"noreferrer noopener\"><img loading=\"lazy\" decoding=\"async\" width=\"150\" height=\"212\" class=\"wp-image-588\" style=\"width: 150px;\" src=\"https:\/\/nuitblanche.be\/WordPress3\/wp-content\/uploads\/2021\/04\/vente.jpg\" alt=\"\" srcset=\"https:\/\/nuitblanche.be\/WordPress3\/wp-content\/uploads\/2021\/04\/vente.jpg 794w, https:\/\/nuitblanche.be\/WordPress3\/wp-content\/uploads\/2021\/04\/vente-212x300.jpg 212w, https:\/\/nuitblanche.be\/WordPress3\/wp-content\/uploads\/2021\/04\/vente-724x1024.jpg 724w, https:\/\/nuitblanche.be\/WordPress3\/wp-content\/uploads\/2021\/04\/vente-768x1086.jpg 768w, https:\/\/nuitblanche.be\/WordPress3\/wp-content\/uploads\/2021\/04\/vente-600x849.jpg 600w\" sizes=\"auto, (max-width: 150px) 100vw, 150px\" \/><\/a><\/p>","protected":false},"excerpt":{"rendered":"<p>Nuit Blanche a \u00e9t\u00e9 cr\u00e9\u00e9 en 1999. Nuit Blanche vous propose des services de prestations et installations dans les domaines du son, de la vid\u00e9o, de l&rsquo;\u00e9clairage de spectacles, de jardins et de fa\u00e7ades ainsi que des illuminations. Nous r\u00e9pondons \u00e0 vos besoins en mat\u00e9riel \u00e9v\u00e9nementiel : location, installation et [&hellip;]<\/p>\n","protected":false},"author":1,"featured_media":0,"parent":0,"menu_order":0,"comment_status":"closed","ping_status":"closed","template":"","meta":{"om_disable_all_campaigns":false,"_monsterinsights_skip_tracking":false,"_monsterinsights_sitenote_active":false,"_monsterinsights_sitenote_note":"","_monsterinsights_sitenote_category":0,"footnotes":""},"class_list":["post-122","page","type-page","status-publish","hentry"],"aioseo_notices":[],"jetpack_sharing_enabled":true,"_links":{"self":[{"href":"https:\/\/nuitblanche.be\/index.php?rest_route=\/wp\/v2\/pages\/122","targetHints":{"allow":["GET"]}}],"collection":[{"href":"https:\/\/nuitblanche.be\/index.php?rest_route=\/wp\/v2\/pages"}],"about":[{"href":"https:\/\/nuitblanche.be\/index.php?rest_route=\/wp\/v2\/types\/page"}],"author":[{"embeddable":true,"href":"https:\/\/nuitblanche.be\/index.php?rest_route=\/wp\/v2\/users\/1"}],"replies":[{"embeddable":true,"href":"https:\/\/nuitblanche.be\/index.php?rest_route=%2Fwp%2Fv2%2Fcomments&post=122"}],"version-history":[{"count":14,"href":"https:\/\/nuitblanche.be\/index.php?rest_route=\/wp\/v2\/pages\/122\/revisions"}],"predecessor-version":[{"id":1624,"href":"https:\/\/nuitblanche.be\/index.php?rest_route=\/wp\/v2\/pages\/122\/revisions\/1624"}],"wp:attachment":[{"href":"https:\/\/nuitblanche.be\/index.php?rest_route=%2Fwp%2Fv2%2Fmedia&parent=122"}],"curies":[{"name":"wp","href":"https:\/\/api.w.org\/{rel}","templated":true}]}}