{"id":12,"date":"2019-06-13T12:04:53","date_gmt":"2019-06-13T12:04:53","guid":{"rendered":"http:\/\/nuitblanche.be\/WordPress3\/?page_id=12"},"modified":"2021-05-10T13:56:54","modified_gmt":"2021-05-10T13:56:54","slug":"dj-prestation","status":"publish","type":"page","link":"https:\/\/nuitblanche.be\/?page_id=12","title":{"rendered":"DJ"},"content":{"rendered":"<h2 class=\"wp-block-heading\">DJ<\/h2><p><\/p><p>A la recherche d&rsquo;un Disque Jockey professionnel et efficace? Nuit Blanche est l\u00e0 pour vous.<br>Notre \u00e9quipe se compose d\u2019un noyau polyvalent et expert pour des t\u00e2ches sp\u00e9cialis\u00e9es.<br>Que vous recherchiez la derni\u00e8re nouveaut\u00e9 ou \u00e0 remuer vos souvenirs, Nuit Blanche saura r\u00e9pondre \u00e0 vos envies, cr\u00e9era l&rsquo;ambiance et am\u00e8nera tout le monde sur la piste de danse.<\/p><p>Notre \u00e9quipe est dirig\u00e9e par Serge Steinberg, qui fit danser autant les f\u00eatards du Nouvel An 2000 de la Grand-Place de Bruxelles, que les jeunes ou les moins jeunes de \u00ab Couleur caf\u00e9 \u00bb, de \u00ab Chez Johnny \u00bb, ou des \u00ab Noces Royales \u00bb. Il a \u00e9t\u00e9 nomin\u00e9 \u00ab\u00a0Disque d&rsquo; or\u00a0\u00bb en 2000 par KIOSQUE.<\/p><p>Nuit Blanche vous propose aussi diff\u00e9rents concepts d&rsquo;animation comme le concours entre deux DJ avec un pr\u00e9sentateur. Tous ces concepts sont souples et conviennent autant \u00e0 l\u2019animation d\u2019un \u00e9v\u00e9nement priv\u00e9 qu\u2019\u00e0 celui d\u2019une soci\u00e9t\u00e9. Ils peuvent combiner f\u00eate et annonce commerciale ou autre\u2026&nbsp;<br><\/p><p><iframe loading=\"lazy\" width=\"200\" height=\"250\" src=\"https:\/\/www.mixcloud.com\/widget\/follow\/?u=%2FNuitBlanchebe%2F\" frameborder=\"0\"><\/iframe><\/p><p><iframe loading=\"lazy\" width=\"100%\" height=\"120\" src=\"https:\/\/www.mixcloud.com\/widget\/iframe\/?hide_cover=1&amp;light=1&amp;feed=%2FNuitBlanchebe%2F\" frameborder=\"0\"><\/iframe><\/p>","protected":false},"excerpt":{"rendered":"<p>DJ A la recherche d&rsquo;un Disque Jockey professionnel et efficace? Nuit Blanche est l\u00e0 pour vous.Notre \u00e9quipe se compose d\u2019un noyau polyvalent et expert pour des t\u00e2ches sp\u00e9cialis\u00e9es.Que vous recherchiez la derni\u00e8re nouveaut\u00e9 ou \u00e0 remuer vos souvenirs, Nuit Blanche saura r\u00e9pondre \u00e0 vos envies, cr\u00e9era l&rsquo;ambiance et am\u00e8nera tout [&hellip;]<\/p>\n","protected":false},"author":1,"featured_media":0,"parent":0,"menu_order":0,"comment_status":"closed","ping_status":"closed","template":"","meta":{"om_disable_all_campaigns":false,"_monsterinsights_skip_tracking":false,"_monsterinsights_sitenote_active":false,"_monsterinsights_sitenote_note":"","_monsterinsights_sitenote_category":0,"footnotes":""},"class_list":["post-12","page","type-page","status-publish","hentry"],"aioseo_notices":[],"jetpack_sharing_enabled":true,"_links":{"self":[{"href":"https:\/\/nuitblanche.be\/index.php?rest_route=\/wp\/v2\/pages\/12","targetHints":{"allow":["GET"]}}],"collection":[{"href":"https:\/\/nuitblanche.be\/index.php?rest_route=\/wp\/v2\/pages"}],"about":[{"href":"https:\/\/nuitblanche.be\/index.php?rest_route=\/wp\/v2\/types\/page"}],"author":[{"embeddable":true,"href":"https:\/\/nuitblanche.be\/index.php?rest_route=\/wp\/v2\/users\/1"}],"replies":[{"embeddable":true,"href":"https:\/\/nuitblanche.be\/index.php?rest_route=%2Fwp%2Fv2%2Fcomments&post=12"}],"version-history":[{"count":12,"href":"https:\/\/nuitblanche.be\/index.php?rest_route=\/wp\/v2\/pages\/12\/revisions"}],"predecessor-version":[{"id":1305,"href":"https:\/\/nuitblanche.be\/index.php?rest_route=\/wp\/v2\/pages\/12\/revisions\/1305"}],"wp:attachment":[{"href":"https:\/\/nuitblanche.be\/index.php?rest_route=%2Fwp%2Fv2%2Fmedia&parent=12"}],"curies":[{"name":"wp","href":"https:\/\/api.w.org\/{rel}","templated":true}]}}